{"id":493,"date":"2022-02-11T16:41:52","date_gmt":"2022-02-11T16:41:52","guid":{"rendered":"https:\/\/feforbes.com\/?page_id=493"},"modified":"2022-04-22T10:15:16","modified_gmt":"2022-04-22T10:15:16","slug":"blog","status":"publish","type":"page","link":"https:\/\/feforbes.com\/index.php\/blog\/","title":{"rendered":"Blog"},"content":{"rendered":"\t\t<div data-elementor-type=\"wp-page\" data-elementor-id=\"493\" class=\"elementor elementor-493\" data-elementor-post-type=\"page\">\n\t\t\t\t\t\t<section class=\"elementor-section elementor-top-section elementor-element elementor-element-a68460a elementor-section-height-min-height elementor-section-boxed elementor-section-height-default elementor-section-items-middle\" data-id=\"a68460a\" data-element_type=\"section\" data-settings=\"{&quot;background_background&quot;:&quot;classic&quot;}\">\n\t\t\t\t\t\t<div class=\"elementor-container elementor-column-gap-default\">\n\t\t\t\t\t<div class=\"elementor-column elementor-col-100 elementor-top-column elementor-element elementor-element-c18232d\" data-id=\"c18232d\" data-element_type=\"column\">\n\t\t\t<div class=\"elementor-widget-wrap elementor-element-populated\">\n\t\t\t\t\t\t<div class=\"elementor-element elementor-element-7003f98 elementor-widget elementor-widget-heading\" data-id=\"7003f98\" data-element_type=\"widget\" data-widget_type=\"heading.default\">\n\t\t\t\t<div class=\"elementor-widget-container\">\n\t\t\t<h1 class=\"elementor-heading-title elementor-size-default\">Blog<\/h1>\t\t<\/div>\n\t\t\t\t<\/div>\n\t\t\t\t\t<\/div>\n\t\t<\/div>\n\t\t\t\t\t<\/div>\n\t\t<\/section>\n\t\t\t\t<section class=\"elementor-section elementor-top-section elementor-element elementor-element-d982d12 elementor-section-boxed elementor-section-height-default elementor-section-height-default\" data-id=\"d982d12\" data-element_type=\"section\">\n\t\t\t\t\t\t<div class=\"elementor-container elementor-column-gap-default\">\n\t\t\t\t\t<div class=\"elementor-column elementor-col-100 elementor-top-column elementor-element elementor-element-189f526\" data-id=\"189f526\" data-element_type=\"column\">\n\t\t\t<div class=\"elementor-widget-wrap elementor-element-populated\">\n\t\t\t\t\t\t<div class=\"elementor-element elementor-element-d9f9a5d elementor-grid-3 elementor-grid-tablet-2 elementor-grid-mobile-1 elementor-posts--thumbnail-top elementor-card-shadow-yes elementor-posts__hover-gradient elementor-widget elementor-widget-posts\" data-id=\"d9f9a5d\" data-element_type=\"widget\" data-settings=\"{&quot;cards_masonry&quot;:&quot;yes&quot;,&quot;pagination_type&quot;:&quot;load_more_infinite_scroll&quot;,&quot;cards_columns&quot;:&quot;3&quot;,&quot;cards_columns_tablet&quot;:&quot;2&quot;,&quot;cards_columns_mobile&quot;:&quot;1&quot;,&quot;cards_row_gap&quot;:{&quot;unit&quot;:&quot;px&quot;,&quot;size&quot;:35,&quot;sizes&quot;:[]},&quot;cards_row_gap_tablet&quot;:{&quot;unit&quot;:&quot;px&quot;,&quot;size&quot;:&quot;&quot;,&quot;sizes&quot;:[]},&quot;cards_row_gap_mobile&quot;:{&quot;unit&quot;:&quot;px&quot;,&quot;size&quot;:&quot;&quot;,&quot;sizes&quot;:[]},&quot;load_more_spinner&quot;:{&quot;value&quot;:&quot;fas fa-spinner&quot;,&quot;library&quot;:&quot;fa-solid&quot;}}\" data-widget_type=\"posts.cards\">\n\t\t\t\t<div class=\"elementor-widget-container\">\n\t\t\t\t\t<div class=\"elementor-posts-container elementor-posts elementor-posts--skin-cards elementor-grid\">\n\t\t\t\t<article class=\"elementor-post elementor-grid-item post-7858 post type-post status-publish format-standard hentry category-uncategorized\">\n\t\t\t<div class=\"elementor-post__card\">\n\t\t\t\t<div class=\"elementor-post__text\">\n\t\t\t\t<h3 class=\"elementor-post__title\">\n\t\t\t<a href=\"https:\/\/feforbes.com\/index.php\/2026\/05\/14\/%ce%bf%ce%b4%ce%b7%ce%b3%cf%8c%cf%82-%ce%b3%ce%b9%ce%b1-%cf%84%ce%bf-%cf%80%cf%81%cf%8e%cf%84%ce%bf-%cf%83%ce%b1%cf%82-nomini-casino-login-%ce%bc%ce%b5-%ce%b1%cf%83%cf%86%ce%ac%ce%bb%ce%b5%ce%b9%ce%b1\/\" >\n\t\t\t\t\u039f\u03b4\u03b7\u03b3\u03cc\u03c2 \u03b3\u03b9\u03b1 \u03c4\u03bf \u03a0\u03c1\u03ce\u03c4\u03bf \u03c3\u03b1\u03c2 Nomini Casino Login \u03bc\u03b5 \u0391\u03c3\u03c6\u03ac\u03bb\u03b5\u03b9\u03b1 \u03ba\u03b1\u03b9 \u0386\u03bd\u03b5\u03c3\u03b7\t\t\t<\/a>\n\t\t<\/h3>\n\t\t\t\t<div class=\"elementor-post__excerpt\">\n\t\t\t<p>\u039a\u03b1\u03bb\u03ce\u03c2 \u03ae\u03c1\u03b8\u03b1\u03c4\u03b5 \u03c3\u03c4\u03bf\u03bd \u03bf\u03b4\u03b7\u03b3\u03cc \u03bc\u03b1\u03c2 \u03b3\u03b9\u03b1 \u03c4\u03bf \u03c0\u03c1\u03ce\u03c4\u03bf \u03c3\u03b1\u03c2 nomini bookmakers login, \u03cc\u03c0\u03bf\u03c5 \u03b8\u03b1 \u03b1\u03bd\u03b1\u03ba\u03b1\u03bb\u03cd\u03c8\u03b5\u03c4\u03b5 \u03c0\u03ce\u03c2 \u03bd\u03b1 \u03ba\u03ac\u03bd\u03b5\u03c4\u03b5 \u03b5\u03af\u03c3\u03bf\u03b4\u03bf \u03c3\u03c4\u03bf Nomini Casino \u03bc\u03b5 \u03b1\u03c3\u03c6\u03ac\u03bb\u03b5\u03b9\u03b1 \u03ba\u03b1\u03b9<\/p>\n\t\t<\/div>\n\t\t\n\t\t<a class=\"elementor-post__read-more\" href=\"https:\/\/feforbes.com\/index.php\/2026\/05\/14\/%ce%bf%ce%b4%ce%b7%ce%b3%cf%8c%cf%82-%ce%b3%ce%b9%ce%b1-%cf%84%ce%bf-%cf%80%cf%81%cf%8e%cf%84%ce%bf-%cf%83%ce%b1%cf%82-nomini-casino-login-%ce%bc%ce%b5-%ce%b1%cf%83%cf%86%ce%ac%ce%bb%ce%b5%ce%b9%ce%b1\/\" aria-label=\"Read more about \u039f\u03b4\u03b7\u03b3\u03cc\u03c2 \u03b3\u03b9\u03b1 \u03c4\u03bf \u03a0\u03c1\u03ce\u03c4\u03bf \u03c3\u03b1\u03c2 Nomini Casino Login \u03bc\u03b5 \u0391\u03c3\u03c6\u03ac\u03bb\u03b5\u03b9\u03b1 \u03ba\u03b1\u03b9 \u0386\u03bd\u03b5\u03c3\u03b7\" tabindex=\"-1\" >\n\t\t\tRead More \u00bb\t\t<\/a>\n\n\t\t\t\t<\/div>\n\t\t\t\t<div class=\"elementor-post__meta-data\">\n\t\t\t\t\t<span class=\"elementor-post-date\">\n\t\t\tMay 14, 2026\t\t<\/span>\n\t\t\t\t<\/div>\n\t\t\t\t\t<\/div>\n\t\t<\/article>\n\t\t\t\t<article class=\"elementor-post elementor-grid-item post-7856 post type-post status-publish format-standard hentry category-uncategorized\">\n\t\t\t<div class=\"elementor-post__card\">\n\t\t\t\t<div class=\"elementor-post__text\">\n\t\t\t\t<h3 class=\"elementor-post__title\">\n\t\t\t<a href=\"https:\/\/feforbes.com\/index.php\/2026\/05\/14\/%ce%b5%ce%be%ce%b5%cf%81%ce%b5%cf%85%ce%bd%cf%8e%ce%bd%cf%84%ce%b1%cf%82-%cf%84%ce%bf-frumzi-online-casino-%cf%80%ce%bb%ce%ae%cf%81%ce%b7%cf%82-%ce%b1%ce%bd%ce%b1%cf%83%ce%ba%cf%8c%cf%80%ce%b7%cf%83\/\" >\n\t\t\t\t\u0395\u03be\u03b5\u03c1\u03b5\u03c5\u03bd\u03ce\u03bd\u03c4\u03b1\u03c2 \u03c4\u03bf Frumzi Online Casino: \u03a0\u03bb\u03ae\u03c1\u03b7\u03c2 \u0391\u03bd\u03b1\u03c3\u03ba\u03cc\u03c0\u03b7\u03c3\u03b7\t\t\t<\/a>\n\t\t<\/h3>\n\t\t\t\t<div class=\"elementor-post__excerpt\">\n\t\t\t<p>\u03a3\u03c4\u03bf \u03c3\u03b7\u03bc\u03b5\u03c1\u03b9\u03bd\u03cc \u03ac\u03c1\u03b8\u03c1\u03bf, \u03b8\u03b1 \u03b5\u03be\u03b5\u03c1\u03b5\u03c5\u03bd\u03ae\u03c3\u03bf\u03c5\u03bc\u03b5 \u03c4\u03bf Frumzi Online Casino, \u03b1\u03bd\u03b1\u03bb\u03cd\u03bf\u03bd\u03c4\u03b1\u03c2 \u03c4\u03b9\u03c2 \u03b4\u03c5\u03bd\u03b1\u03c4\u03cc\u03c4\u03b7\u03c4\u03b5\u03c2 \u03ba\u03b1\u03b9 \u03c4\u03b9\u03c2 \u03c0\u03c1\u03bf\u03c3\u03c6\u03bf\u03c1\u03ad\u03c2 \u03c4\u03bf\u03c5. \u0398\u03b1 \u03b4\u03bf\u03cd\u03bc\u03b5 \u03c4\u03b9\u03c2 \u03b4\u03b9\u03b1\u03b8\u03ad\u03c3\u03b9\u03bc\u03b5\u03c2 \u03b5\u03c0\u03b9\u03bb\u03bf\u03b3\u03ad\u03c2 \u03c0\u03b1\u03b9\u03b3\u03bd\u03b9\u03b4\u03b9\u03ce\u03bd, \u03c4\u03b1 \u03bc\u03c0\u03cc\u03bd\u03bf\u03c5\u03c2 \u03c0\u03bf\u03c5<\/p>\n\t\t<\/div>\n\t\t\n\t\t<a class=\"elementor-post__read-more\" href=\"https:\/\/feforbes.com\/index.php\/2026\/05\/14\/%ce%b5%ce%be%ce%b5%cf%81%ce%b5%cf%85%ce%bd%cf%8e%ce%bd%cf%84%ce%b1%cf%82-%cf%84%ce%bf-frumzi-online-casino-%cf%80%ce%bb%ce%ae%cf%81%ce%b7%cf%82-%ce%b1%ce%bd%ce%b1%cf%83%ce%ba%cf%8c%cf%80%ce%b7%cf%83\/\" aria-label=\"Read more about \u0395\u03be\u03b5\u03c1\u03b5\u03c5\u03bd\u03ce\u03bd\u03c4\u03b1\u03c2 \u03c4\u03bf Frumzi Online Casino: \u03a0\u03bb\u03ae\u03c1\u03b7\u03c2 \u0391\u03bd\u03b1\u03c3\u03ba\u03cc\u03c0\u03b7\u03c3\u03b7\" tabindex=\"-1\" >\n\t\t\tRead More \u00bb\t\t<\/a>\n\n\t\t\t\t<\/div>\n\t\t\t\t<div class=\"elementor-post__meta-data\">\n\t\t\t\t\t<span class=\"elementor-post-date\">\n\t\t\tMay 14, 2026\t\t<\/span>\n\t\t\t\t<\/div>\n\t\t\t\t\t<\/div>\n\t\t<\/article>\n\t\t\t\t<article class=\"elementor-post elementor-grid-item post-7854 post type-post status-publish format-standard hentry category-uncategorized\">\n\t\t\t<div class=\"elementor-post__card\">\n\t\t\t\t<div class=\"elementor-post__text\">\n\t\t\t\t<h3 class=\"elementor-post__title\">\n\t\t\t<a href=\"https:\/\/feforbes.com\/index.php\/2026\/05\/14\/%ce%b1%ce%bd%ce%b1%ce%ba%ce%b1%ce%bb%cf%8d%cf%88%cf%84%ce%b5-%cf%84%ce%bf-beef-casino-%ce%ba%ce%b1%ce%b9-%ce%b1%cf%80%ce%bf%ce%bb%ce%b1%cf%8d%cf%83%cf%84%ce%b5-%ce%bc%cf%80%cf%8c%ce%bd%ce%bf%cf%85\/\" >\n\t\t\t\t\u0391\u03bd\u03b1\u03ba\u03b1\u03bb\u03cd\u03c8\u03c4\u03b5 \u03c4\u03bf Beef Casino \u03ba\u03b1\u03b9 \u03b1\u03c0\u03bf\u03bb\u03b1\u03cd\u03c3\u03c4\u03b5 \u03bc\u03c0\u03cc\u03bd\u03bf\u03c5\u03c2 \u03c7\u03c9\u03c1\u03af\u03c2 \u03ba\u03b1\u03c4\u03ac\u03b8\u03b5\u03c3\u03b7\t\t\t<\/a>\n\t\t<\/h3>\n\t\t\t\t<div class=\"elementor-post__excerpt\">\n\t\t\t<p>\u03a3\u03b5 \u03b1\u03c5\u03c4\u03cc \u03c4\u03bf \u03ac\u03c1\u03b8\u03c1\u03bf, \u03b8\u03b1 \u03c3\u03b1\u03c2 \u03c0\u03b1\u03c1\u03bf\u03c5\u03c3\u03b9\u03ac\u03c3\u03bf\u03c5\u03bc\u03b5 \u03c4\u03bf Beef Casino, \u03bc\u03b9\u03b1 \u03bd\u03ad\u03b1 \u03ba\u03b1\u03b9 \u03c3\u03c5\u03bd\u03b1\u03c1\u03c0\u03b1\u03c3\u03c4\u03b9\u03ba\u03ae \u03c0\u03bb\u03b1\u03c4\u03c6\u03cc\u03c1\u03bc\u03b1 \u03c3\u03c4\u03bf\u03b9\u03c7\u03b7\u03bc\u03b1\u03c4\u03b9\u03c3\u03bc\u03bf\u03cd \u03c0\u03bf\u03c5 \u03c0\u03c1\u03bf\u03c3\u03c6\u03ad\u03c1\u03b5\u03b9 \u03bc\u03bf\u03bd\u03b1\u03b4\u03b9\u03ba\u03ac \u03bc\u03c0\u03cc\u03bd\u03bf\u03c5\u03c2 \u03c7\u03c9\u03c1\u03af\u03c2 \u03ba\u03b1\u03c4\u03ac\u03b8\u03b5\u03c3\u03b7. \u0398\u03b1 \u03b5\u03be\u03b5\u03c4\u03ac\u03c3\u03bf\u03c5\u03bc\u03b5 \u03c4\u03b9\u03c2<\/p>\n\t\t<\/div>\n\t\t\n\t\t<a class=\"elementor-post__read-more\" href=\"https:\/\/feforbes.com\/index.php\/2026\/05\/14\/%ce%b1%ce%bd%ce%b1%ce%ba%ce%b1%ce%bb%cf%8d%cf%88%cf%84%ce%b5-%cf%84%ce%bf-beef-casino-%ce%ba%ce%b1%ce%b9-%ce%b1%cf%80%ce%bf%ce%bb%ce%b1%cf%8d%cf%83%cf%84%ce%b5-%ce%bc%cf%80%cf%8c%ce%bd%ce%bf%cf%85\/\" aria-label=\"Read more about \u0391\u03bd\u03b1\u03ba\u03b1\u03bb\u03cd\u03c8\u03c4\u03b5 \u03c4\u03bf Beef Casino \u03ba\u03b1\u03b9 \u03b1\u03c0\u03bf\u03bb\u03b1\u03cd\u03c3\u03c4\u03b5 \u03bc\u03c0\u03cc\u03bd\u03bf\u03c5\u03c2 \u03c7\u03c9\u03c1\u03af\u03c2 \u03ba\u03b1\u03c4\u03ac\u03b8\u03b5\u03c3\u03b7\" tabindex=\"-1\" >\n\t\t\tRead More \u00bb\t\t<\/a>\n\n\t\t\t\t<\/div>\n\t\t\t\t<div class=\"elementor-post__meta-data\">\n\t\t\t\t\t<span class=\"elementor-post-date\">\n\t\t\tMay 14, 2026\t\t<\/span>\n\t\t\t\t<\/div>\n\t\t\t\t\t<\/div>\n\t\t<\/article>\n\t\t\t\t<article class=\"elementor-post elementor-grid-item post-7852 post type-post status-publish format-standard hentry category-uncategorized\">\n\t\t\t<div class=\"elementor-post__card\">\n\t\t\t\t<div class=\"elementor-post__text\">\n\t\t\t\t<h3 class=\"elementor-post__title\">\n\t\t\t<a href=\"https:\/\/feforbes.com\/index.php\/2026\/05\/13\/fedezd-fel-a-national-casino-applikacio-elonyeit-es-funkcioit-a-mindennapi-jatekhoz\/\" >\n\t\t\t\tFedezd fel a National Casino applik\u00e1ci\u00f3 el\u0151nyeit \u00e9s funkci\u00f3it a mindennapi j\u00e1t\u00e9khoz\t\t\t<\/a>\n\t\t<\/h3>\n\t\t\t\t<div class=\"elementor-post__excerpt\">\n\t\t\t<p>A National Casino applik\u00e1ci\u00f3 lehet\u0151s\u00e9get k\u00edn\u00e1l a felhaszn\u00e1l\u00f3knak, hogy k\u00e9nyelmesen \u00e9s egyszer\u0171en \u00e9lvezhess\u00e9k a kaszin\u00f3 j\u00e1t\u00e9kokat mobil eszk\u00f6zeiken. Az al\u00e1bbiakban r\u00e9szletesen bemutatjuk az applik\u00e1ci\u00f3 legfontosabb<\/p>\n\t\t<\/div>\n\t\t\n\t\t<a class=\"elementor-post__read-more\" href=\"https:\/\/feforbes.com\/index.php\/2026\/05\/13\/fedezd-fel-a-national-casino-applikacio-elonyeit-es-funkcioit-a-mindennapi-jatekhoz\/\" aria-label=\"Read more about Fedezd fel a National Casino applik\u00e1ci\u00f3 el\u0151nyeit \u00e9s funkci\u00f3it a mindennapi j\u00e1t\u00e9khoz\" tabindex=\"-1\" >\n\t\t\tRead More \u00bb\t\t<\/a>\n\n\t\t\t\t<\/div>\n\t\t\t\t<div class=\"elementor-post__meta-data\">\n\t\t\t\t\t<span class=\"elementor-post-date\">\n\t\t\tMay 13, 2026\t\t<\/span>\n\t\t\t\t<\/div>\n\t\t\t\t\t<\/div>\n\t\t<\/article>\n\t\t\t\t<article class=\"elementor-post elementor-grid-item post-7850 post type-post status-publish format-standard hentry category-uncategorized\">\n\t\t\t<div class=\"elementor-post__card\">\n\t\t\t\t<div class=\"elementor-post__text\">\n\t\t\t\t<h3 class=\"elementor-post__title\">\n\t\t\t<a href=\"https:\/\/feforbes.com\/index.php\/2026\/05\/12\/wszystko-co-musisz-wiedziec-o-programie-vip-w-lebull-casino\/\" >\n\t\t\t\tWszystko, co musisz wiedzie\u0107 o programie VIP w Lebull Casino\t\t\t<\/a>\n\t\t<\/h3>\n\t\t\t\t<div class=\"elementor-post__excerpt\">\n\t\t\t<p>W programie VIP w Lebull Casino klienci maj\u0105 do czynienia z ekskluzywnymi ofertami, nagrodami oraz przywilejami, kt\u00f3re s\u0105 dost\u0119pne tylko dla najbardziej lojalnych graczy. W<\/p>\n\t\t<\/div>\n\t\t\n\t\t<a class=\"elementor-post__read-more\" href=\"https:\/\/feforbes.com\/index.php\/2026\/05\/12\/wszystko-co-musisz-wiedziec-o-programie-vip-w-lebull-casino\/\" aria-label=\"Read more about Wszystko, co musisz wiedzie\u0107 o programie VIP w Lebull Casino\" tabindex=\"-1\" >\n\t\t\tRead More \u00bb\t\t<\/a>\n\n\t\t\t\t<\/div>\n\t\t\t\t<div class=\"elementor-post__meta-data\">\n\t\t\t\t\t<span class=\"elementor-post-date\">\n\t\t\tMay 12, 2026\t\t<\/span>\n\t\t\t\t<\/div>\n\t\t\t\t\t<\/div>\n\t\t<\/article>\n\t\t\t\t<article class=\"elementor-post elementor-grid-item post-7848 post type-post status-publish format-standard hentry category-uncategorized\">\n\t\t\t<div class=\"elementor-post__card\">\n\t\t\t\t<div class=\"elementor-post__text\">\n\t\t\t\t<h3 class=\"elementor-post__title\">\n\t\t\t<a href=\"https:\/\/feforbes.com\/index.php\/2026\/05\/12\/%ce%b7-%ce%b4%ce%b9%ce%b1%ce%b4%ce%b9%ce%ba%ce%b1%cf%83%ce%af%ce%b1-%ce%b3%ce%b9%ce%b1-%cf%84%ce%bf-kingmaker-casino-download-%ce%ba%ce%b1%ce%b9-%cf%80%cf%8e%cf%82-%ce%bd%ce%b1-%ce%be%ce%b5%ce%ba\/\" >\n\t\t\t\t\u0397 \u0394\u03b9\u03b1\u03b4\u03b9\u03ba\u03b1\u03c3\u03af\u03b1 \u03b3\u03b9\u03b1 \u03c4\u03bf Kingmaker Casino Download \u03ba\u03b1\u03b9 \u03a0\u03ce\u03c2 \u03bd\u03b1 \u039e\u03b5\u03ba\u03b9\u03bd\u03ae\u03c3\u03b5\u03c4\u03b5 \u0386\u03bc\u03b5\u03c3\u03b1\t\t\t<\/a>\n\t\t<\/h3>\n\t\t\t\t<div class=\"elementor-post__excerpt\">\n\t\t\t<p>\u03a3\u03b5 \u03b1\u03c5\u03c4\u03cc \u03c4\u03bf \u03ac\u03c1\u03b8\u03c1\u03bf, \u03b8\u03b1 \u03b5\u03be\u03b5\u03c1\u03b5\u03c5\u03bd\u03ae\u03c3\u03bf\u03c5\u03bc\u03b5 \u03c4\u03b7 \u03b4\u03b9\u03b1\u03b4\u03b9\u03ba\u03b1\u03c3\u03af\u03b1 \u03c4\u03bf\u03c5 kingmaker 2 casino download, \u03ba\u03b1\u03b8\u03ce\u03c2 \u03ba\u03b1\u03b9 \u03c4\u03b1 \u03b2\u03ae\u03bc\u03b1\u03c4\u03b1 \u03c0\u03bf\u03c5 \u03c7\u03c1\u03b5\u03b9\u03ac\u03b6\u03b5\u03c3\u03c4\u03b5 \u03b3\u03b9\u03b1 \u03bd\u03b1 \u03be\u03b5\u03ba\u03b9\u03bd\u03ae\u03c3\u03b5\u03c4\u03b5 \u03ac\u03bc\u03b5\u03c3\u03b1 \u03c4\u03b7\u03bd \u03b5\u03bc\u03c0\u03b5\u03b9\u03c1\u03af\u03b1<\/p>\n\t\t<\/div>\n\t\t\n\t\t<a class=\"elementor-post__read-more\" href=\"https:\/\/feforbes.com\/index.php\/2026\/05\/12\/%ce%b7-%ce%b4%ce%b9%ce%b1%ce%b4%ce%b9%ce%ba%ce%b1%cf%83%ce%af%ce%b1-%ce%b3%ce%b9%ce%b1-%cf%84%ce%bf-kingmaker-casino-download-%ce%ba%ce%b1%ce%b9-%cf%80%cf%8e%cf%82-%ce%bd%ce%b1-%ce%be%ce%b5%ce%ba\/\" aria-label=\"Read more about \u0397 \u0394\u03b9\u03b1\u03b4\u03b9\u03ba\u03b1\u03c3\u03af\u03b1 \u03b3\u03b9\u03b1 \u03c4\u03bf Kingmaker Casino Download \u03ba\u03b1\u03b9 \u03a0\u03ce\u03c2 \u03bd\u03b1 \u039e\u03b5\u03ba\u03b9\u03bd\u03ae\u03c3\u03b5\u03c4\u03b5 \u0386\u03bc\u03b5\u03c3\u03b1\" tabindex=\"-1\" >\n\t\t\tRead More \u00bb\t\t<\/a>\n\n\t\t\t\t<\/div>\n\t\t\t\t<div class=\"elementor-post__meta-data\">\n\t\t\t\t\t<span class=\"elementor-post-date\">\n\t\t\tMay 12, 2026\t\t<\/span>\n\t\t\t\t<\/div>\n\t\t\t\t\t<\/div>\n\t\t<\/article>\n\t\t\t\t<article class=\"elementor-post elementor-grid-item post-7846 post type-post status-publish format-standard hentry category-uncategorized\">\n\t\t\t<div class=\"elementor-post__card\">\n\t\t\t\t<div class=\"elementor-post__text\">\n\t\t\t\t<h3 class=\"elementor-post__title\">\n\t\t\t<a href=\"https:\/\/feforbes.com\/index.php\/2026\/05\/12\/%cf%83%cf%84%cf%81%ce%b1%cf%84%ce%b7%ce%b3%ce%b9%ce%ba%ce%ad%cf%82-%ce%b3%ce%b9%ce%b1-%ce%b5%cf%80%ce%b9%cf%84%cf%85%cf%87%ce%b7%ce%bc%ce%ad%ce%bd%ce%bf-wazamba-betting-%ce%ba%ce%b1%ce%b9-%ce%bc%ce%ad\/\" >\n\t\t\t\t\u03a3\u03c4\u03c1\u03b1\u03c4\u03b7\u03b3\u03b9\u03ba\u03ad\u03c2 \u03b3\u03b9\u03b1 \u03b5\u03c0\u03b9\u03c4\u03c5\u03c7\u03b7\u03bc\u03ad\u03bd\u03bf Wazamba Betting \u03ba\u03b1\u03b9 \u03bc\u03ad\u03b3\u03b9\u03c3\u03c4\u03b7 \u03b1\u03c0\u03cc\u03b4\u03bf\u03c3\u03b7 \u03c3\u03c4\u03b1 \u03c3\u03c4\u03bf\u03b9\u03c7\u03ae\u03bc\u03b1\u03c4\u03ac \u03c3\u03b1\u03c2\t\t\t<\/a>\n\t\t<\/h3>\n\t\t\t\t<div class=\"elementor-post__excerpt\">\n\t\t\t<p>\u03a3\u03b5 \u03b1\u03c5\u03c4\u03cc \u03c4\u03bf \u03ac\u03c1\u03b8\u03c1\u03bf, \u03b8\u03b1 \u03b5\u03be\u03b5\u03c4\u03ac\u03c3\u03bf\u03c5\u03bc\u03b5 \u03c3\u03c4\u03c1\u03b1\u03c4\u03b7\u03b3\u03b9\u03ba\u03ad\u03c2 \u03c0\u03bf\u03c5 \u03b8\u03b1 \u03c3\u03b1\u03c2 \u03b2\u03bf\u03b7\u03b8\u03ae\u03c3\u03bf\u03c5\u03bd \u03bd\u03b1 \u03c0\u03b5\u03c4\u03cd\u03c7\u03b5\u03c4\u03b5 \u03c3\u03c4\u03bf Wazamba Betting \u03ba\u03b1\u03b9 \u03bd\u03b1 \u03bc\u03b5\u03b3\u03b9\u03c3\u03c4\u03bf\u03c0\u03bf\u03b9\u03ae\u03c3\u03b5\u03c4\u03b5 \u03c4\u03b7\u03bd \u03b1\u03c0\u03cc\u03b4\u03bf\u03c3\u03b7 \u03c4\u03c9\u03bd \u03c3\u03c4\u03bf\u03b9\u03c7\u03b7\u03bc\u03ac\u03c4\u03c9\u03bd \u03c3\u03b1\u03c2. \u0398\u03b1<\/p>\n\t\t<\/div>\n\t\t\n\t\t<a class=\"elementor-post__read-more\" href=\"https:\/\/feforbes.com\/index.php\/2026\/05\/12\/%cf%83%cf%84%cf%81%ce%b1%cf%84%ce%b7%ce%b3%ce%b9%ce%ba%ce%ad%cf%82-%ce%b3%ce%b9%ce%b1-%ce%b5%cf%80%ce%b9%cf%84%cf%85%cf%87%ce%b7%ce%bc%ce%ad%ce%bd%ce%bf-wazamba-betting-%ce%ba%ce%b1%ce%b9-%ce%bc%ce%ad\/\" aria-label=\"Read more about \u03a3\u03c4\u03c1\u03b1\u03c4\u03b7\u03b3\u03b9\u03ba\u03ad\u03c2 \u03b3\u03b9\u03b1 \u03b5\u03c0\u03b9\u03c4\u03c5\u03c7\u03b7\u03bc\u03ad\u03bd\u03bf Wazamba Betting \u03ba\u03b1\u03b9 \u03bc\u03ad\u03b3\u03b9\u03c3\u03c4\u03b7 \u03b1\u03c0\u03cc\u03b4\u03bf\u03c3\u03b7 \u03c3\u03c4\u03b1 \u03c3\u03c4\u03bf\u03b9\u03c7\u03ae\u03bc\u03b1\u03c4\u03ac \u03c3\u03b1\u03c2\" tabindex=\"-1\" >\n\t\t\tRead More \u00bb\t\t<\/a>\n\n\t\t\t\t<\/div>\n\t\t\t\t<div class=\"elementor-post__meta-data\">\n\t\t\t\t\t<span class=\"elementor-post-date\">\n\t\t\tMay 12, 2026\t\t<\/span>\n\t\t\t\t<\/div>\n\t\t\t\t\t<\/div>\n\t\t<\/article>\n\t\t\t\t<article class=\"elementor-post elementor-grid-item post-7844 post type-post status-publish format-standard hentry category-uncategorized\">\n\t\t\t<div class=\"elementor-post__card\">\n\t\t\t\t<div class=\"elementor-post__text\">\n\t\t\t\t<h3 class=\"elementor-post__title\">\n\t\t\t<a href=\"https:\/\/feforbes.com\/index.php\/2026\/05\/12\/jake-jsou-hlavni-rysy-a-vyhody-blitzbet-casino-pro-ceske-hrace\/\" >\n\t\t\t\tJak\u00e9 jsou hlavn\u00ed rysy a v\u00fdhody blitzbet casino pro \u010desk\u00e9 hr\u00e1\u010de\t\t\t<\/a>\n\t\t<\/h3>\n\t\t\t\t<div class=\"elementor-post__excerpt\">\n\t\t\t<p>V tomto \u010dl\u00e1nku se pod\u00edv\u00e1me na hlavn\u00ed rysy a v\u00fdhody, kter\u00e9 nab\u00edz\u00ed blitzbet casino \u010desk\u00fdm hr\u00e1\u010d\u016fm. Analyzujeme nab\u00eddku her, bonusy, platebn\u00ed metody a dal\u0161\u00ed aspekty,<\/p>\n\t\t<\/div>\n\t\t\n\t\t<a class=\"elementor-post__read-more\" href=\"https:\/\/feforbes.com\/index.php\/2026\/05\/12\/jake-jsou-hlavni-rysy-a-vyhody-blitzbet-casino-pro-ceske-hrace\/\" aria-label=\"Read more about Jak\u00e9 jsou hlavn\u00ed rysy a v\u00fdhody blitzbet casino pro \u010desk\u00e9 hr\u00e1\u010de\" tabindex=\"-1\" >\n\t\t\tRead More \u00bb\t\t<\/a>\n\n\t\t\t\t<\/div>\n\t\t\t\t<div class=\"elementor-post__meta-data\">\n\t\t\t\t\t<span class=\"elementor-post-date\">\n\t\t\tMay 12, 2026\t\t<\/span>\n\t\t\t\t<\/div>\n\t\t\t\t\t<\/div>\n\t\t<\/article>\n\t\t\t\t<article class=\"elementor-post elementor-grid-item post-7842 post type-post status-publish format-standard hentry category-uncategorized\">\n\t\t\t<div class=\"elementor-post__card\">\n\t\t\t\t<div class=\"elementor-post__text\">\n\t\t\t\t<h3 class=\"elementor-post__title\">\n\t\t\t<a href=\"https:\/\/feforbes.com\/index.php\/2026\/05\/12\/jakie-sa-plusy-i-minusy-gry-w-guket-casino-na-urzadzeniach-mobilnych\/\" >\n\t\t\t\tJakie s\u0105 plusy i minusy gry w Guket Casino na urz\u0105dzeniach mobilnych\t\t\t<\/a>\n\t\t<\/h3>\n\t\t\t\t<div class=\"elementor-post__excerpt\">\n\t\t\t<p>W dzisiejszych czasach coraz wi\u0119cej graczy decyduje si\u0119 na korzystanie z gier hazardowych na urz\u0105dzeniach mobilnych. W artykule om\u00f3wimy zalety i wady gry w guket<\/p>\n\t\t<\/div>\n\t\t\n\t\t<a class=\"elementor-post__read-more\" href=\"https:\/\/feforbes.com\/index.php\/2026\/05\/12\/jakie-sa-plusy-i-minusy-gry-w-guket-casino-na-urzadzeniach-mobilnych\/\" aria-label=\"Read more about Jakie s\u0105 plusy i minusy gry w Guket Casino na urz\u0105dzeniach mobilnych\" tabindex=\"-1\" >\n\t\t\tRead More \u00bb\t\t<\/a>\n\n\t\t\t\t<\/div>\n\t\t\t\t<div class=\"elementor-post__meta-data\">\n\t\t\t\t\t<span class=\"elementor-post-date\">\n\t\t\tMay 12, 2026\t\t<\/span>\n\t\t\t\t<\/div>\n\t\t\t\t\t<\/div>\n\t\t<\/article>\n\t\t\t\t<article class=\"elementor-post elementor-grid-item post-7841 post type-post status-publish format-standard hentry category-uncategorized\">\n\t\t\t<div class=\"elementor-post__card\">\n\t\t\t\t<div class=\"elementor-post__text\">\n\t\t\t\t<h3 class=\"elementor-post__title\">\n\t\t\t<a href=\"https:\/\/feforbes.com\/index.php\/2026\/05\/11\/slot-and-video-games-uk-start-playing-tikitaka\/\" >\n\t\t\t\tSlot And Video Games &#8211; UK Start Playing Tikitaka\t\t\t<\/a>\n\t\t<\/h3>\n\t\t\t\t<div class=\"elementor-post__excerpt\">\n\t\t\t<p>Spinjo Casino come get going at Cosmo gambling casino take in instant on the prescribed web site . Create an calculate , swan identity element<\/p>\n\t\t<\/div>\n\t\t\n\t\t<a class=\"elementor-post__read-more\" href=\"https:\/\/feforbes.com\/index.php\/2026\/05\/11\/slot-and-video-games-uk-start-playing-tikitaka\/\" aria-label=\"Read more about Slot And Video Games &#8211; UK Start Playing Tikitaka\" tabindex=\"-1\" >\n\t\t\tRead More \u00bb\t\t<\/a>\n\n\t\t\t\t<\/div>\n\t\t\t\t<div class=\"elementor-post__meta-data\">\n\t\t\t\t\t<span class=\"elementor-post-date\">\n\t\t\tMay 11, 2026\t\t<\/span>\n\t\t\t\t<\/div>\n\t\t\t\t\t<\/div>\n\t\t<\/article>\n\t\t\t\t<article class=\"elementor-post elementor-grid-item post-7840 post type-post status-publish format-standard hentry category-uncategorized\">\n\t\t\t<div class=\"elementor-post__card\">\n\t\t\t\t<div class=\"elementor-post__text\">\n\t\t\t\t<h3 class=\"elementor-post__title\">\n\t\t\t<a href=\"https:\/\/feforbes.com\/index.php\/2026\/05\/11\/lark-about-sporting-integrating-beef-casino-%c2%b7-at-get-started\/\" >\n\t\t\t\tLark About Sporting Integrating Beef Casino \u00b7 AT Get Started\t\t\t<\/a>\n\t\t<\/h3>\n\t\t\t\t<div class=\"elementor-post__excerpt\">\n\t\t\t<p>generate jump astatine WINZ cassino is warm and aboveboard . Hera&#8217;s how : Jeder, der neugierig ist, sollte die neuesten Werbeaktionen \u00fcberpr\u00fcfen, die Regeln bestimmen<\/p>\n\t\t<\/div>\n\t\t\n\t\t<a class=\"elementor-post__read-more\" href=\"https:\/\/feforbes.com\/index.php\/2026\/05\/11\/lark-about-sporting-integrating-beef-casino-%c2%b7-at-get-started\/\" aria-label=\"Read more about Lark About Sporting Integrating Beef Casino \u00b7 AT Get Started\" tabindex=\"-1\" >\n\t\t\tRead More \u00bb\t\t<\/a>\n\n\t\t\t\t<\/div>\n\t\t\t\t<div class=\"elementor-post__meta-data\">\n\t\t\t\t\t<span class=\"elementor-post-date\">\n\t\t\tMay 11, 2026\t\t<\/span>\n\t\t\t\t<\/div>\n\t\t\t\t\t<\/div>\n\t\t<\/article>\n\t\t\t\t<article class=\"elementor-post elementor-grid-item post-7839 post type-post status-publish format-standard hentry category-uncategorized\">\n\t\t\t<div class=\"elementor-post__card\">\n\t\t\t\t<div class=\"elementor-post__text\">\n\t\t\t\t<h3 class=\"elementor-post__title\">\n\t\t\t<a href=\"https:\/\/feforbes.com\/index.php\/2026\/05\/11\/ce-reprezinta-dintre-recompensa-intalnirii-la-jlph-casino-billion-online-casino-intreaga-romanie-get-started\/\" >\n\t\t\t\tCe Reprezint\u0103 Dintre Recompensa \u00cent\u00e2lnirii La JLPH Casino Billion Online Casino . \u00eentreaga Rom\u00e2nie Get Started\t\t\t<\/a>\n\t\t<\/h3>\n\t\t\t\t<div class=\"elementor-post__excerpt\">\n\t\t\t<p>Villento cazinou de jocuri de noroc scar\u0103 de-a lungul Microgaming, a grajd online cassino platform\u0103 politic\u0103 cu ~500 de bani tangibili jocuri. site de internet<\/p>\n\t\t<\/div>\n\t\t\n\t\t<a class=\"elementor-post__read-more\" href=\"https:\/\/feforbes.com\/index.php\/2026\/05\/11\/ce-reprezinta-dintre-recompensa-intalnirii-la-jlph-casino-billion-online-casino-intreaga-romanie-get-started\/\" aria-label=\"Read more about Ce Reprezint\u0103 Dintre Recompensa \u00cent\u00e2lnirii La JLPH Casino Billion Online Casino . \u00eentreaga Rom\u00e2nie Get Started\" tabindex=\"-1\" >\n\t\t\tRead More \u00bb\t\t<\/a>\n\n\t\t\t\t<\/div>\n\t\t\t\t<div class=\"elementor-post__meta-data\">\n\t\t\t\t\t<span class=\"elementor-post-date\">\n\t\t\tMay 11, 2026\t\t<\/span>\n\t\t\t\t<\/div>\n\t\t\t\t\t<\/div>\n\t\t<\/article>\n\t\t\t\t<\/div>\n\t\t\t\t\t<span class=\"e-load-more-spinner\">\n\t\t\t\t<i aria-hidden=\"true\" class=\"fas fa-spinner\"><\/i>\t\t\t<\/span>\n\t\t\n\t\t\t\t<div class=\"e-load-more-anchor\" data-page=\"1\" data-max-page=\"257\" data-next-page=\"https:\/\/feforbes.com\/index.php\/wp-json\/wp\/v2\/pages\/493\/page\/2\/\"><\/div>\n\t\t\t\t<div class=\"e-load-more-message\"><\/div>\n\t\t\t\t<\/div>\n\t\t\t\t<\/div>\n\t\t\t\t\t<\/div>\n\t\t<\/div>\n\t\t\t\t\t<\/div>\n\t\t<\/section>\n\t\t\t\t<\/div>\n\t\t","protected":false},"excerpt":{"rendered":"","protected":false},"author":1,"featured_media":410,"parent":0,"menu_order":0,"comment_status":"closed","ping_status":"closed","template":"elementor_header_footer","meta":{"footnotes":""},"class_list":["post-493","page","type-page","status-publish","has-post-thumbnail","hentry"],"_links":{"self":[{"href":"https:\/\/feforbes.com\/index.php\/wp-json\/wp\/v2\/pages\/493","targetHints":{"allow":["GET"]}}],"collection":[{"href":"https:\/\/feforbes.com\/index.php\/wp-json\/wp\/v2\/pages"}],"about":[{"href":"https:\/\/feforbes.com\/index.php\/wp-json\/wp\/v2\/types\/page"}],"author":[{"embeddable":true,"href":"https:\/\/feforbes.com\/index.php\/wp-json\/wp\/v2\/users\/1"}],"replies":[{"embeddable":true,"href":"https:\/\/feforbes.com\/index.php\/wp-json\/wp\/v2\/comments?post=493"}],"version-history":[{"count":19,"href":"https:\/\/feforbes.com\/index.php\/wp-json\/wp\/v2\/pages\/493\/revisions"}],"predecessor-version":[{"id":956,"href":"https:\/\/feforbes.com\/index.php\/wp-json\/wp\/v2\/pages\/493\/revisions\/956"}],"wp:featuredmedia":[{"embeddable":true,"href":"https:\/\/feforbes.com\/index.php\/wp-json\/wp\/v2\/media\/410"}],"wp:attachment":[{"href":"https:\/\/feforbes.com\/index.php\/wp-json\/wp\/v2\/media?parent=493"}],"curies":[{"name":"wp","href":"https:\/\/api.w.org\/{rel}","templated":true}]}}